{"id":60,"date":"2018-09-29T10:34:30","date_gmt":"2018-09-29T10:34:30","guid":{"rendered":"https:\/\/blackiswhite.pl\/?page_id=60"},"modified":"2024-05-14T20:44:27","modified_gmt":"2024-05-14T20:44:27","slug":"o-nas","status":"publish","type":"page","link":"http:\/\/blackiswhite.pl\/en\/o-nas\/","title":{"rendered":"About Us"},"content":{"rendered":"<div data-elementor-type=\"wp-page\" data-elementor-id=\"60\" class=\"elementor elementor-60\" data-elementor-post-type=\"page\">\n\t\t\t\t<div class=\"elementor-element elementor-element-3bd3b4ff e-con-full e-flex e-con e-parent\" data-id=\"3bd3b4ff\" data-element_type=\"container\">\n\t\t<div class=\"elementor-element elementor-element-3f742374 e-con-full e-flex e-con e-child\" data-id=\"3f742374\" data-element_type=\"container\">\n\t\t\t\t<div class=\"elementor-element elementor-element-3f73fee1 elementor-widget elementor-widget-heading\" data-id=\"3f73fee1\" data-element_type=\"widget\" data-widget_type=\"heading.default\">\n\t\t\t\t<div class=\"elementor-widget-container\">\n\t\t\t<style>\/*! elementor - v3.21.0 - 20-05-2024 *\/\n.elementor-heading-title{padding:0;margin:0;line-height:1}.elementor-widget-heading .elementor-heading-title[class*=elementor-size-]>a{color:inherit;font-size:inherit;line-height:inherit}.elementor-widget-heading .elementor-heading-title.elementor-size-small{font-size:15px}.elementor-widget-heading .elementor-heading-title.elementor-size-medium{font-size:19px}.elementor-widget-heading .elementor-heading-title.elementor-size-large{font-size:29px}.elementor-widget-heading .elementor-heading-title.elementor-size-xl{font-size:39px}.elementor-widget-heading .elementor-heading-title.elementor-size-xxl{font-size:59px}<\/style><h1 class=\"elementor-heading-title elementor-size-default\">Black is white<\/h1>\t\t<\/div>\n\t\t\t\t<\/div>\n\t\t\t\t<div class=\"elementor-element elementor-element-959869b elementor-widget elementor-widget-text-editor\" data-id=\"959869b\" data-element_type=\"widget\" data-widget_type=\"text-editor.default\">\n\t\t\t\t<div class=\"elementor-widget-container\">\n\t\t\t<style>\/*! elementor - v3.21.0 - 20-05-2024 *\/\n.elementor-widget-text-editor.elementor-drop-cap-view-stacked .elementor-drop-cap{background-color:#69727d;color:#fff}.elementor-widget-text-editor.elementor-drop-cap-view-framed .elementor-drop-cap{color:#69727d;border:3px solid;background-color:transparent}.elementor-widget-text-editor:not(.elementor-drop-cap-view-default) .elementor-drop-cap{margin-top:8px}.elementor-widget-text-editor:not(.elementor-drop-cap-view-default) .elementor-drop-cap-letter{width:1em;height:1em}.elementor-widget-text-editor .elementor-drop-cap{float:left;text-align:center;line-height:1;font-size:50px}.elementor-widget-text-editor .elementor-drop-cap-letter{display:inline-block}<\/style>\t\t\t\t<p>We are a team of experts specializing in crafting and effectively executing events. We offer holistic services tailored to the brand and current sales, marketing, or image needs. We have an innovative and unconventional approach to event concepts, utilizing the latest technologies and creating unique solutions while ensuring the highest level of execution. For the past 7 years, we have been supporting major brands in achieving their most important goals and have the privilege of enjoying their unwavering trust.<\/p>\t\t\t\t\t\t<\/div>\n\t\t\t\t<\/div>\n\t\t\t\t<\/div>\n\t\t<div class=\"elementor-element elementor-element-29d81b35 e-con-full e-flex e-con e-child\" data-id=\"29d81b35\" data-element_type=\"container\" data-settings=\"{&quot;background_background&quot;:&quot;classic&quot;}\">\n\t\t\t\t<\/div>\n\t\t\t\t<\/div>\n\t\t<div class=\"elementor-element elementor-element-bbf22b8 e-flex e-con-boxed e-con e-parent\" data-id=\"bbf22b8\" data-element_type=\"container\">\n\t\t\t\t\t<div class=\"e-con-inner\">\n\t\t<div class=\"elementor-element elementor-element-b608072 e-con-full e-flex e-con e-child\" data-id=\"b608072\" data-element_type=\"container\" data-settings=\"{&quot;background_background&quot;:&quot;classic&quot;}\">\n\t\t\t\t<\/div>\n\t\t<div class=\"elementor-element elementor-element-23f1385 e-con-full e-flex e-con e-child\" data-id=\"23f1385\" data-element_type=\"container\">\n\t\t\t\t<div class=\"elementor-element elementor-element-509502ca elementor-widget elementor-widget-text-editor\" data-id=\"509502ca\" data-element_type=\"widget\" data-widget_type=\"text-editor.default\">\n\t\t\t\t<div class=\"elementor-widget-container\">\n\t\t\t\t\t\t\t<p>And less formally... We love what we do, that's why we commit ourselves a million percent. We treat all your projects as another adventure and a new challenge. We are with you at every stage and in every situation. If your goal is not only an unforgettable, effective, and perfectly executed event but also a sense of security and positive vibes in collaboration, we are at your service.<\/p>\nTHE BLACK IS WHITE TEAM\t\t\t\t\t\t<\/div>\n\t\t\t\t<\/div>\n\t\t\t\t<\/div>\n\t\t\t\t\t<\/div>\n\t\t\t\t<\/div>\n\t\t\t\t<\/div>","protected":false},"excerpt":{"rendered":"<p>Black is white Jeste\u015bmy zespo\u0142em ekspert\u00f3w w kreowaniu i skutecznej realizacji event\u00f3w. Oferujemy holistyczn\u0105 obs\u0142ug\u0119 dopasowan\u0105 do marki i bie\u017c\u0105cych potrzeb sprzeda\u017cowych, marketingowych czy wizerunkowych. Mamy innowacyjne i wychodz\u0105ce poza schemat podej\u015bcie do koncepcji spotka\u0144, wykorzystujemy najnowsze technologie, kreujemy nietuzinkowe rozwi\u0105zania gwarantuj\u0105c jednocze\u015bnie najwy\u017cszy poziom realizacji. Od 7 lat wspieramy najwi\u0119ksze brandy w realizacji najwa\u017cniejszych cel\u00f3w i mamy zaszczyt cieszy\u0107&hellip;<\/p>","protected":false},"author":1,"featured_media":0,"parent":0,"menu_order":0,"comment_status":"closed","ping_status":"closed","template":"","meta":{"footnotes":""},"yoast_head":"<!-- This site is optimized with the Yoast SEO plugin v22.7 - https:\/\/yoast.com\/wordpress\/plugins\/seo\/ -->\n<title>O nas - BLACK IS WHITE Agencja eventowa.<\/title>\n<meta name=\"robots\" content=\"index, follow, max-snippet:-1, max-image-preview:large, max-video-preview:-1\" \/>\n<link rel=\"canonical\" href=\"http:\/\/blackiswhite.pl\/en\/o-nas\/\" \/>\n<meta property=\"og:locale\" content=\"en_US\" \/>\n<meta property=\"og:type\" content=\"article\" \/>\n<meta property=\"og:title\" content=\"O nas - BLACK IS WHITE Agencja eventowa.\" \/>\n<meta property=\"og:description\" content=\"Black is white Jeste\u015bmy zespo\u0142em ekspert\u00f3w w kreowaniu i skutecznej realizacji event\u00f3w. Oferujemy holistyczn\u0105 obs\u0142ug\u0119 dopasowan\u0105 do marki i bie\u017c\u0105cych potrzeb sprzeda\u017cowych, marketingowych czy wizerunkowych. Mamy innowacyjne i wychodz\u0105ce poza schemat podej\u015bcie do koncepcji spotka\u0144, wykorzystujemy najnowsze technologie, kreujemy nietuzinkowe rozwi\u0105zania gwarantuj\u0105c jednocze\u015bnie najwy\u017cszy poziom realizacji. Od 7 lat wspieramy najwi\u0119ksze brandy w realizacji najwa\u017cniejszych cel\u00f3w i mamy zaszczyt cieszy\u0107&hellip;\" \/>\n<meta property=\"og:url\" content=\"http:\/\/blackiswhite.pl\/en\/o-nas\/\" \/>\n<meta property=\"og:site_name\" content=\"BLACK IS WHITE Agencja eventowa.\" \/>\n<meta property=\"article:modified_time\" content=\"2024-05-14T20:44:27+00:00\" \/>\n<meta name=\"twitter:card\" content=\"summary_large_image\" \/>\n<meta name=\"twitter:label1\" content=\"Est. reading time\" \/>\n\t<meta name=\"twitter:data1\" content=\"1 minute\" \/>\n<script type=\"application\/ld+json\" class=\"yoast-schema-graph\">{\"@context\":\"https:\/\/schema.org\",\"@graph\":[{\"@type\":\"WebPage\",\"@id\":\"http:\/\/blackiswhite.pl\/o-nas\/\",\"url\":\"http:\/\/blackiswhite.pl\/o-nas\/\",\"name\":\"O nas - BLACK IS WHITE Agencja eventowa.\",\"isPartOf\":{\"@id\":\"http:\/\/blackiswhite.pl\/#website\"},\"datePublished\":\"2018-09-29T10:34:30+00:00\",\"dateModified\":\"2024-05-14T20:44:27+00:00\",\"breadcrumb\":{\"@id\":\"http:\/\/blackiswhite.pl\/o-nas\/#breadcrumb\"},\"inLanguage\":\"en-US\",\"potentialAction\":[{\"@type\":\"ReadAction\",\"target\":[\"http:\/\/blackiswhite.pl\/o-nas\/\"]}]},{\"@type\":\"BreadcrumbList\",\"@id\":\"http:\/\/blackiswhite.pl\/o-nas\/#breadcrumb\",\"itemListElement\":[{\"@type\":\"ListItem\",\"position\":1,\"name\":\"Strona g\u0142\u00f3wna\",\"item\":\"http:\/\/blackiswhite.pl\/\"},{\"@type\":\"ListItem\",\"position\":2,\"name\":\"O nas\"}]},{\"@type\":\"WebSite\",\"@id\":\"http:\/\/blackiswhite.pl\/#website\",\"url\":\"http:\/\/blackiswhite.pl\/\",\"name\":\"BLACK IS WHITE Agencja eventowa.\",\"description\":\"Z potrzeby tworzenia czego\u015b wi\u0119cej...\",\"publisher\":{\"@id\":\"http:\/\/blackiswhite.pl\/#organization\"},\"potentialAction\":[{\"@type\":\"SearchAction\",\"target\":{\"@type\":\"EntryPoint\",\"urlTemplate\":\"http:\/\/blackiswhite.pl\/?s={search_term_string}\"},\"query-input\":\"required name=search_term_string\"}],\"inLanguage\":\"en-US\"},{\"@type\":\"Organization\",\"@id\":\"http:\/\/blackiswhite.pl\/#organization\",\"name\":\"BLACK IS WHITE Agencja eventowa.\",\"url\":\"http:\/\/blackiswhite.pl\/\",\"logo\":{\"@type\":\"ImageObject\",\"inLanguage\":\"en-US\",\"@id\":\"http:\/\/blackiswhite.pl\/#\/schema\/logo\/image\/\",\"url\":\"http:\/\/blackiswhite.pl\/wp-content\/uploads\/2024\/03\/logo-black-is-white-new.png\",\"contentUrl\":\"http:\/\/blackiswhite.pl\/wp-content\/uploads\/2024\/03\/logo-black-is-white-new.png\",\"width\":320,\"height\":440,\"caption\":\"BLACK IS WHITE Agencja eventowa.\"},\"image\":{\"@id\":\"http:\/\/blackiswhite.pl\/#\/schema\/logo\/image\/\"}}]}<\/script>\n<!-- \/ Yoast SEO plugin. -->","yoast_head_json":{"title":"O nas - BLACK IS WHITE Agencja eventowa.","robots":{"index":"index","follow":"follow","max-snippet":"max-snippet:-1","max-image-preview":"max-image-preview:large","max-video-preview":"max-video-preview:-1"},"canonical":"http:\/\/blackiswhite.pl\/en\/o-nas\/","og_locale":"en_US","og_type":"article","og_title":"O nas - BLACK IS WHITE Agencja eventowa.","og_description":"Black is white Jeste\u015bmy zespo\u0142em ekspert\u00f3w w kreowaniu i skutecznej realizacji event\u00f3w. Oferujemy holistyczn\u0105 obs\u0142ug\u0119 dopasowan\u0105 do marki i bie\u017c\u0105cych potrzeb sprzeda\u017cowych, marketingowych czy wizerunkowych. Mamy innowacyjne i wychodz\u0105ce poza schemat podej\u015bcie do koncepcji spotka\u0144, wykorzystujemy najnowsze technologie, kreujemy nietuzinkowe rozwi\u0105zania gwarantuj\u0105c jednocze\u015bnie najwy\u017cszy poziom realizacji. Od 7 lat wspieramy najwi\u0119ksze brandy w realizacji najwa\u017cniejszych cel\u00f3w i mamy zaszczyt cieszy\u0107&hellip;","og_url":"http:\/\/blackiswhite.pl\/en\/o-nas\/","og_site_name":"BLACK IS WHITE Agencja eventowa.","article_modified_time":"2024-05-14T20:44:27+00:00","twitter_card":"summary_large_image","twitter_misc":{"Est. reading time":"1 minute"},"schema":{"@context":"https:\/\/schema.org","@graph":[{"@type":"WebPage","@id":"http:\/\/blackiswhite.pl\/o-nas\/","url":"http:\/\/blackiswhite.pl\/o-nas\/","name":"O nas - BLACK IS WHITE Agencja eventowa.","isPartOf":{"@id":"http:\/\/blackiswhite.pl\/#website"},"datePublished":"2018-09-29T10:34:30+00:00","dateModified":"2024-05-14T20:44:27+00:00","breadcrumb":{"@id":"http:\/\/blackiswhite.pl\/o-nas\/#breadcrumb"},"inLanguage":"en-US","potentialAction":[{"@type":"ReadAction","target":["http:\/\/blackiswhite.pl\/o-nas\/"]}]},{"@type":"BreadcrumbList","@id":"http:\/\/blackiswhite.pl\/o-nas\/#breadcrumb","itemListElement":[{"@type":"ListItem","position":1,"name":"Strona g\u0142\u00f3wna","item":"http:\/\/blackiswhite.pl\/"},{"@type":"ListItem","position":2,"name":"O nas"}]},{"@type":"WebSite","@id":"http:\/\/blackiswhite.pl\/#website","url":"http:\/\/blackiswhite.pl\/","name":"BLACK IS WHITE Agencja eventowa.","description":"Z potrzeby tworzenia czego\u015b wi\u0119cej...","publisher":{"@id":"http:\/\/blackiswhite.pl\/#organization"},"potentialAction":[{"@type":"SearchAction","target":{"@type":"EntryPoint","urlTemplate":"http:\/\/blackiswhite.pl\/?s={search_term_string}"},"query-input":"required name=search_term_string"}],"inLanguage":"en-US"},{"@type":"Organization","@id":"http:\/\/blackiswhite.pl\/#organization","name":"BLACK IS WHITE Agencja eventowa.","url":"http:\/\/blackiswhite.pl\/","logo":{"@type":"ImageObject","inLanguage":"en-US","@id":"http:\/\/blackiswhite.pl\/#\/schema\/logo\/image\/","url":"http:\/\/blackiswhite.pl\/wp-content\/uploads\/2024\/03\/logo-black-is-white-new.png","contentUrl":"http:\/\/blackiswhite.pl\/wp-content\/uploads\/2024\/03\/logo-black-is-white-new.png","width":320,"height":440,"caption":"BLACK IS WHITE Agencja eventowa."},"image":{"@id":"http:\/\/blackiswhite.pl\/#\/schema\/logo\/image\/"}}]}},"_links":{"self":[{"href":"http:\/\/blackiswhite.pl\/en\/wp-json\/wp\/v2\/pages\/60"}],"collection":[{"href":"http:\/\/blackiswhite.pl\/en\/wp-json\/wp\/v2\/pages"}],"about":[{"href":"http:\/\/blackiswhite.pl\/en\/wp-json\/wp\/v2\/types\/page"}],"author":[{"embeddable":true,"href":"http:\/\/blackiswhite.pl\/en\/wp-json\/wp\/v2\/users\/1"}],"replies":[{"embeddable":true,"href":"http:\/\/blackiswhite.pl\/en\/wp-json\/wp\/v2\/comments?post=60"}],"version-history":[{"count":56,"href":"http:\/\/blackiswhite.pl\/en\/wp-json\/wp\/v2\/pages\/60\/revisions"}],"predecessor-version":[{"id":2389,"href":"http:\/\/blackiswhite.pl\/en\/wp-json\/wp\/v2\/pages\/60\/revisions\/2389"}],"wp:attachment":[{"href":"http:\/\/blackiswhite.pl\/en\/wp-json\/wp\/v2\/media?parent=60"}],"curies":[{"name":"wp","href":"https:\/\/api.w.org\/{rel}","templated":true}]}}